{"id":11,"date":"2025-09-28T18:53:09","date_gmt":"2025-09-28T18:53:09","guid":{"rendered":"https:\/\/boyacin.com\/?page_id=11"},"modified":"2025-10-07T10:21:02","modified_gmt":"2025-10-07T10:21:02","slug":"ana-sayfa","status":"publish","type":"page","link":"https:\/\/boyacin.com\/","title":{"rendered":"Ana Sayfa"},"content":{"rendered":"\n<div class=\"wp-block-cover alignfull\" style=\"padding-top:0px;padding-bottom:0px;min-height:720px;aspect-ratio:unset;\"><span aria-hidden=\"true\" class=\"wp-block-cover__background has-background-dim-100 has-background-dim has-background-gradient\" style=\"background:linear-gradient(35deg,rgb(6,0,151) 0%,rgb(130,4,255) 73%,rgb(193,15,255) 100%)\"><\/span><div class=\"wp-block-cover__inner-container is-layout-flow wp-block-cover-is-layout-flow\">\n<div class=\"inherit-container-width wp-block-group alignwide is-layout-constrained wp-block-group-is-layout-constrained\">\n<div class=\"wp-block-media-text alignfull is-stacked-on-mobile is-vertically-aligned-center\" style=\"padding-top:120px;padding-bottom:120px\"><figure class=\"wp-block-media-text__media\"><img loading=\"lazy\" decoding=\"async\" width=\"747\" height=\"487\" src=\"https:\/\/boyacin.com\/wp-content\/uploads\/2025\/10\/headerphoto.png\" alt=\"\" class=\"wp-image-234 size-full\"\/><\/figure><div class=\"wp-block-media-text__content\">\n<h2 class=\"wp-block-heading has-text-align-left has-white-color has-text-color\"><strong>Evinizi Yenilemenin En H\u0131zl\u0131 ve Temiz Yolu!<\/strong><\/h2>\n\n\n\n<p class=\"has-white-color has-text-color\">Profesyonel ekibimiz ve sihirli \u00e7\u00f6z\u00fcmlerimizle, ya\u015fam alanlar\u0131n\u0131za yepyeni bir atmosfer kat\u0131yoruz. Kalite ve g\u00fcven Boyacin&#8217;de.<\/p>\n\n\n\n<div class=\"wp-block-buttons is-layout-flex wp-block-buttons-is-layout-flex\">\n<div class=\"wp-block-button\"><a class=\"wp-block-button__link wp-element-button\" href=\"https:\/\/wa.me\/905070934271\" target=\"_blank\" rel=\"noreferrer noopener\"><img loading=\"lazy\" decoding=\"async\" width=\"30\" height=\"30\" class=\"wp-image-252\" style=\"width: 30px;\" src=\"https:\/\/boyacin.com\/wp-content\/uploads\/2025\/10\/whatsapp.png\" alt=\"\" srcset=\"https:\/\/boyacin.com\/wp-content\/uploads\/2025\/10\/whatsapp.png 512w, https:\/\/boyacin.com\/wp-content\/uploads\/2025\/10\/whatsapp-300x300.png 300w, https:\/\/boyacin.com\/wp-content\/uploads\/2025\/10\/whatsapp-150x150.png 150w\" sizes=\"auto, (max-width: 30px) 100vw, 30px\" \/> Fiyat Teklifi AL<\/a><\/div>\n<\/div>\n<\/div><\/div>\n<\/div>\n<\/div><\/div>\n\n\n\n<div class=\"wp-block-group alignfull has-ast-global-color-5-background-color has-background is-layout-constrained wp-container-core-group-is-layout-bd7cf4ac wp-block-group-is-layout-constrained\" id=\"services\" style=\"min-height:0px;padding-top:144px;padding-bottom:144px\">\n<h2 class=\"wp-block-heading has-ast-global-color-8-color has-text-color has-link-color wp-elements-81640983aa7f960daf1b75644da1dea8\">Hizmetlerimiz<\/h2>\n\n\n\n<p><\/p>\n\n\n\n<div class=\"wp-block-columns is-layout-flex wp-container-core-columns-is-layout-8eafb21d wp-block-columns-is-layout-flex\" style=\"margin-top:0px\">\n<div class=\"wp-block-column is-layout-flow wp-container-core-column-is-layout-6b73ce23 wp-block-column-is-layout-flow\">\n<figure class=\"wp-block-image size-full\"><img loading=\"lazy\" decoding=\"async\" width=\"1024\" height=\"1024\" src=\"https:\/\/boyacin.com\/wp-content\/uploads\/2025\/10\/iccephephoto.png\" alt=\"\" class=\"wp-image-236\"\/><\/figure>\n\n\n\n<h3 class=\"wp-block-heading\" style=\"margin-top:16px\">\u0130\u00e7 Cephe Boyama<\/h3>\n\n\n\n<p>Evinizi veya i\u015f yerinizi yepyeni bir g\u00f6r\u00fcn\u00fcme kavu\u015fturun. Uzman ekibimizle h\u0131zl\u0131 ve temiz boya badana hizmeti sunuyoruz.<\/p>\n<\/div>\n\n\n\n<div class=\"wp-block-column is-layout-flow wp-container-core-column-is-layout-6b73ce23 wp-block-column-is-layout-flow\">\n<figure class=\"wp-block-image size-full\"><img loading=\"lazy\" decoding=\"async\" width=\"1024\" height=\"1024\" src=\"https:\/\/boyacin.com\/wp-content\/uploads\/2025\/10\/discephephoto.png\" alt=\"\" class=\"wp-image-237\"\/><\/figure>\n\n\n\n<h3 class=\"wp-block-heading\" style=\"margin-top:16px\">D\u0131\u015f Cephe Boyama<\/h3>\n\n\n\n<p>Binan\u0131z\u0131n \u00f6mr\u00fcn\u00fc uzat\u0131n ve de\u011ferini art\u0131r\u0131n. D\u0131\u015f etkenlere dayan\u0131kl\u0131, kaliteli malzemelerle d\u0131\u015f cephe boyama \u00e7\u00f6z\u00fcmleri.<\/p>\n<\/div>\n\n\n\n<div class=\"wp-block-column is-layout-flow wp-container-core-column-is-layout-6b73ce23 wp-block-column-is-layout-flow\">\n<figure class=\"wp-block-image size-full\"><img loading=\"lazy\" decoding=\"async\" width=\"1024\" height=\"1024\" src=\"https:\/\/boyacin.com\/wp-content\/uploads\/2025\/10\/dekoratifphoto.png\" alt=\"\" class=\"wp-image-239\"\/><\/figure>\n\n\n\n<h3 class=\"wp-block-heading\" style=\"margin-top:16px\">Dekoratif Boyama<\/h3>\n\n\n\n<p>Hayalinizdeki duvarlara kavu\u015fun. Al\u00e7\u0131pan, kartonpiyer, sedef boya ve \u00f6zel desenli boyama hizmetlerimizle fark yarat\u0131n.<\/p>\n<\/div>\n<\/div>\n<\/div>\n\n\n\n<div class=\"wp-block-group alignfull has-ast-global-color-6-background-color has-background is-layout-constrained wp-container-core-group-is-layout-0f210c9e wp-block-group-is-layout-constrained\" id=\"about\" style=\"border-style:none;border-width:0px;border-radius:0px;min-height:0px;margin-bottom:0px;padding-top:144px;padding-bottom:144px\">\n<h2 class=\"wp-block-heading has-ast-global-color-8-color has-text-color has-link-color wp-elements-7b3fac67e321dfb6e923076c41fa8788\">Hakk\u0131m\u0131zda<\/h2>\n\n\n\n<p><\/p>\n\n\n\n<div class=\"wp-block-media-text is-stacked-on-mobile is-vertically-aligned-center\" style=\"border-style:none;border-width:0px;padding-top:0px;padding-bottom:0px;grid-template-columns:56% auto\"><figure class=\"wp-block-media-text__media\"><img loading=\"lazy\" decoding=\"async\" width=\"1016\" height=\"647\" src=\"https:\/\/boyacin.com\/wp-content\/uploads\/2025\/10\/hakkimizdaphoto.png\" alt=\"\" class=\"wp-image-241 size-full\"\/><\/figure><div class=\"wp-block-media-text__content\">\n<div class=\"inherit-container-width wp-block-group is-layout-constrained wp-container-core-group-is-layout-bd5a569d wp-block-group-is-layout-constrained\" style=\"padding-top:0px;padding-right:20px\">\n<p>Boya i\u015fi bizim i\u00e7in sadece bir meslek de\u011fil, bir tutku. Y\u0131llard\u0131r edindi\u011fimiz deneyim ve yenilik\u00e7i yakla\u015f\u0131mlar\u0131m\u0131zla, ya\u015fam alanlar\u0131n\u0131z\u0131 ba\u015ftan yarat\u0131yoruz. <\/p>\n\n\n\n<p>Her bir projeye kendi evimiz gibi yakla\u015f\u0131yor, en ince detaya kadar titizlikle \u00e7al\u0131\u015f\u0131yoruz. M\u00fc\u015fterilerimizin memnuniyeti, bizim i\u00e7in en b\u00fcy\u00fck \u00f6nceliktir. H\u0131zl\u0131, temiz ve g\u00fcvenilir hizmet anlay\u0131\u015f\u0131m\u0131zla, evinizi veya i\u015f yerinizi hayallerinizdeki atmosfere kavu\u015fturmak i\u00e7in buraday\u0131z.<\/p>\n<\/div>\n<\/div><\/div>\n<\/div>\n\n\n\n<div class=\"wp-block-group alignfull has-border-color has-ast-global-color-5-border-color has-ast-global-color-5-background-color has-background is-layout-constrained wp-container-core-group-is-layout-a7217a55 wp-block-group-is-layout-constrained\" id=\"whyus\" style=\"border-width:25px;border-radius:0px;min-height:0px;margin-top:0;margin-bottom:0;padding-top:144px;padding-right:0;padding-bottom:144px;padding-left:0px\">\n<h2 class=\"wp-block-heading has-ast-global-color-8-color has-text-color has-link-color wp-elements-4c9f2bf110cf3bd84ffe3468861f60a5\">Neden Bizi Se\u00e7melisiniz?<\/h2>\n\n\n\n<div class=\"wp-block-group is-content-justification-center is-layout-constrained wp-container-core-group-is-layout-7740c6ec wp-block-group-is-layout-constrained\" style=\"border-style:none;border-width:0px;border-radius:0px;min-height:0px;margin-top:0;margin-bottom:0;padding-top:0;padding-right:0px;padding-bottom:0;padding-left:0px\">\n<div class=\"wp-block-columns is-layout-flex wp-container-core-columns-is-layout-29aadeec wp-block-columns-is-layout-flex\" style=\"margin-top:60px\">\n<div class=\"wp-block-column is-layout-flow wp-container-core-column-is-layout-6b73ce23 wp-block-column-is-layout-flow\">\n<figure class=\"wp-block-image size-large\"><img decoding=\"async\" src=\"https:\/\/boyacin.com\/wp-content\/themes\/astra\/inc\/assets\/images\/starter-content\/passionate.svg\" alt=\"\" class=\"wp-image-162\"\/><\/figure>\n\n\n\n<h3 class=\"wp-block-heading\" style=\"margin-top:16px\"><strong>H\u0131zl\u0131 ve Zaman\u0131nda Hizmet<\/strong><\/h3>\n\n\n\n<p>Belirlenen tarihte i\u015fe ba\u015flar ve s\u00f6z verdi\u011fimiz gibi zaman\u0131nda teslim ederiz. De\u011ferli zaman\u0131n\u0131z\u0131 bo\u015fa harcamay\u0131z.<\/p>\n<\/div>\n\n\n\n<div class=\"wp-block-column is-layout-flow wp-container-core-column-is-layout-6b73ce23 wp-block-column-is-layout-flow\">\n<figure class=\"wp-block-image size-large\"><img decoding=\"async\" src=\"https:\/\/boyacin.com\/wp-content\/themes\/astra\/inc\/assets\/images\/starter-content\/professional.svg\" alt=\"\" class=\"wp-image-163\"\/><\/figure>\n\n\n\n<h3 class=\"wp-block-heading\" style=\"margin-top:16px\">Kaliteli ve Kal\u0131c\u0131 \u00c7\u00f6z\u00fcmler<\/h3>\n\n\n\n<p>Sadece en kaliteli boya ve malzemeleri kullan\u0131r\u0131z. Y\u00fczey haz\u0131rl\u0131\u011f\u0131ndan son dokunu\u015fa kadar titiz bir \u00e7al\u0131\u015fma sergileyerek uzun \u00f6m\u00fcrl\u00fc sonu\u00e7lar garantileriz.<\/p>\n<\/div>\n\n\n\n<div class=\"wp-block-column is-layout-flow wp-container-core-column-is-layout-6b73ce23 wp-block-column-is-layout-flow\">\n<figure class=\"wp-block-image size-large\"><img decoding=\"async\" src=\"https:\/\/boyacin.com\/wp-content\/themes\/astra\/inc\/assets\/images\/starter-content\/support.svg\" alt=\"\" class=\"wp-image-164\"\/><\/figure>\n\n\n\n<h3 class=\"wp-block-heading\" style=\"margin-top:16px\">M\u00fc\u015fteri Odakl\u0131 Yakla\u015f\u0131m<\/h3>\n\n\n\n<p>\u0130\u015fimizi tamamlad\u0131ktan sonra da yan\u0131n\u0131zday\u0131z. Olas\u0131 t\u00fcm sorular\u0131n\u0131z ve ihtiya\u00e7lar\u0131n\u0131z i\u00e7in sat\u0131\u015f sonras\u0131 destek sunar, memnuniyetinizi en \u00fcst seviyede tutar\u0131z.<\/p>\n<\/div>\n<\/div>\n<\/div>\n<\/div>\n\n\n\n<div class=\"wp-block-group alignfull has-background is-layout-constrained wp-container-core-group-is-layout-910c7d03 wp-block-group-is-layout-constrained\" id=\"contact\" style=\"background:linear-gradient(35deg,rgb(6,0,151) 0%,rgb(130,4,255) 64%,rgb(193,15,255) 98%);padding-top:120px;padding-bottom:120px\">\n<h2 class=\"wp-block-heading has-text-align-center has-text-color\" style=\"color:#ffffff\">B\u00f6lgenin En \u00c7ok Tavsiye Edilen Boya Firmas\u0131y\u0131z!<\/h2>\n\n\n\n<div class=\"wp-block-buttons alignwide is-horizontal is-content-justification-center is-layout-flex wp-container-core-buttons-is-layout-bba8380a wp-block-buttons-is-layout-flex\" style=\"margin-top:50px\">\n<div class=\"wp-block-button\"><a class=\"wp-block-button__link wp-element-button\" href=\"https:\/\/wa.me\/905070934271\" target=\"_blank\" rel=\"noreferrer noopener\"><img loading=\"lazy\" decoding=\"async\" width=\"30\" height=\"30\" class=\"wp-image-252\" style=\"width: 30px;\" src=\"https:\/\/boyacin.com\/wp-content\/uploads\/2025\/10\/whatsapp.png\" alt=\"\" srcset=\"https:\/\/boyacin.com\/wp-content\/uploads\/2025\/10\/whatsapp.png 512w, https:\/\/boyacin.com\/wp-content\/uploads\/2025\/10\/whatsapp-300x300.png 300w, https:\/\/boyacin.com\/wp-content\/uploads\/2025\/10\/whatsapp-150x150.png 150w\" sizes=\"auto, (max-width: 30px) 100vw, 30px\" \/> \u0130leti\u015fim<\/a><\/div>\n<\/div>\n<\/div>\n","protected":false},"excerpt":{"rendered":"<p>Hizmetlerimiz \u0130\u00e7 Cephe Boyama Evinizi veya i\u015f yerinizi yepyeni bir g\u00f6r\u00fcn\u00fcme kavu\u015fturun. Uzman ekibimizle h\u0131zl\u0131 ve temiz boya badana hizmeti [&hellip;]<\/p>\n","protected":false},"author":1,"featured_media":0,"parent":0,"menu_order":0,"comment_status":"closed","ping_status":"closed","template":"","meta":{"site-sidebar-layout":"no-sidebar","site-content-layout":"plain-container","ast-site-content-layout":"default","site-content-style":"default","site-sidebar-style":"default","ast-global-header-display":"","ast-banner-title-visibility":"","ast-main-header-display":"","ast-hfb-above-header-display":"","ast-hfb-below-header-display":"","ast-hfb-mobile-header-display":"","site-post-title":"disabled","ast-breadcrumbs-content":"","ast-featured-img":"","footer-sml-layout":"","theme-transparent-header-meta":"enabled","adv-header-id-meta":"","stick-header-meta":"","header-above-stick-meta":"","header-main-stick-meta":"","header-below-stick-meta":"","astra-migrate-meta-layouts":"default","ast-page-background-enabled":"default","ast-page-background-meta":{"desktop":{"background-color":"var(--ast-global-color-5)","background-image":"","background-repeat":"repeat","background-position":"center center","background-size":"auto","background-attachment":"scroll","background-type":"","background-media":"","overlay-type":"","overlay-color":"","overlay-opacity":"","overlay-gradient":""},"tablet":{"background-color":"","background-image":"","background-repeat":"repeat","background-position":"center center","background-size":"auto","background-attachment":"scroll","background-type":"","background-media":"","overlay-type":"","overlay-color":"","overlay-opacity":"","overlay-gradient":""},"mobile":{"background-color":"","background-image":"","background-repeat":"repeat","background-position":"center center","background-size":"auto","background-attachment":"scroll","background-type":"","background-media":"","overlay-type":"","overlay-color":"","overlay-opacity":"","overlay-gradient":""}},"ast-content-background-meta":{"desktop":{"background-color":"var(--ast-global-color-4)","background-image":"","background-repeat":"repeat","background-position":"center center","background-size":"auto","background-attachment":"scroll","background-type":"","background-media":"","overlay-type":"","overlay-color":"","overlay-opacity":"","overlay-gradient":""},"tablet":{"background-color":"var(--ast-global-color-4)","background-image":"","background-repeat":"repeat","background-position":"center center","background-size":"auto","background-attachment":"scroll","background-type":"","background-media":"","overlay-type":"","overlay-color":"","overlay-opacity":"","overlay-gradient":""},"mobile":{"background-color":"var(--ast-global-color-4)","background-image":"","background-repeat":"repeat","background-position":"center center","background-size":"auto","background-attachment":"scroll","background-type":"","background-media":"","overlay-type":"","overlay-color":"","overlay-opacity":"","overlay-gradient":""}},"footnotes":""},"class_list":["post-11","page","type-page","status-publish","hentry"],"_hostinger_reach_plugin_has_subscription_block":false,"_hostinger_reach_plugin_is_elementor":false,"_links":{"self":[{"href":"https:\/\/boyacin.com\/index.php?rest_route=\/wp\/v2\/pages\/11","targetHints":{"allow":["GET"]}}],"collection":[{"href":"https:\/\/boyacin.com\/index.php?rest_route=\/wp\/v2\/pages"}],"about":[{"href":"https:\/\/boyacin.com\/index.php?rest_route=\/wp\/v2\/types\/page"}],"author":[{"embeddable":true,"href":"https:\/\/boyacin.com\/index.php?rest_route=\/wp\/v2\/users\/1"}],"replies":[{"embeddable":true,"href":"https:\/\/boyacin.com\/index.php?rest_route=%2Fwp%2Fv2%2Fcomments&post=11"}],"version-history":[{"count":162,"href":"https:\/\/boyacin.com\/index.php?rest_route=\/wp\/v2\/pages\/11\/revisions"}],"predecessor-version":[{"id":257,"href":"https:\/\/boyacin.com\/index.php?rest_route=\/wp\/v2\/pages\/11\/revisions\/257"}],"wp:attachment":[{"href":"https:\/\/boyacin.com\/index.php?rest_route=%2Fwp%2Fv2%2Fmedia&parent=11"}],"curies":[{"name":"wp","href":"https:\/\/api.w.org\/{rel}","templated":true}]}}